{"id":8,"date":"2023-11-19T16:06:51","date_gmt":"2023-11-19T15:06:51","guid":{"rendered":"https:\/\/www.fondation-monin.be\/?page_id=8"},"modified":"2024-10-13T17:59:44","modified_gmt":"2024-10-13T15:59:44","slug":"contact","status":"publish","type":"page","link":"https:\/\/www.fondation-monin.be\/?page_id=8","title":{"rendered":"Contact"},"content":{"rendered":"\n<p>Vous pouvez contacter notre Organe d&rsquo;Administration soit par courrier \u00e9lectronique \u00e0 l&rsquo;adresse:<br><br><a href=\"mailto:oa@fondation-monin.be\">oa@fondation-monin.be<\/a> <br><br>soit par courrier postal \u00e0 l&rsquo;adresse suivante:<br><br><strong>Fondation Monin &#8211; Organe d&rsquo;Administration<br>Avenue du Paepedelle\u00a035<br>1160\u00a0Auderghem<\/strong><br><\/p>\n\n\n\n<p><\/p>\n","protected":false},"excerpt":{"rendered":"<p>Vous pouvez contacter notre Organe d&rsquo;Administration soit par courrier \u00e9lectronique \u00e0 l&rsquo;adresse: oa@fondation-monin.be soit par courrier postal \u00e0 l&rsquo;adresse suivante: Fondation Monin &#8211; Organe d&rsquo;AdministrationAvenue du Paepedelle\u00a0351160\u00a0Auderghem<\/p>\n","protected":false},"author":1,"featured_media":0,"parent":0,"menu_order":0,"comment_status":"closed","ping_status":"closed","template":"","meta":{"footnotes":""},"class_list":["post-8","page","type-page","status-publish","hentry"],"_links":{"self":[{"href":"https:\/\/www.fondation-monin.be\/index.php?rest_route=\/wp\/v2\/pages\/8","targetHints":{"allow":["GET"]}}],"collection":[{"href":"https:\/\/www.fondation-monin.be\/index.php?rest_route=\/wp\/v2\/pages"}],"about":[{"href":"https:\/\/www.fondation-monin.be\/index.php?rest_route=\/wp\/v2\/types\/page"}],"author":[{"embeddable":true,"href":"https:\/\/www.fondation-monin.be\/index.php?rest_route=\/wp\/v2\/users\/1"}],"replies":[{"embeddable":true,"href":"https:\/\/www.fondation-monin.be\/index.php?rest_route=%2Fwp%2Fv2%2Fcomments&post=8"}],"version-history":[{"count":4,"href":"https:\/\/www.fondation-monin.be\/index.php?rest_route=\/wp\/v2\/pages\/8\/revisions"}],"predecessor-version":[{"id":96,"href":"https:\/\/www.fondation-monin.be\/index.php?rest_route=\/wp\/v2\/pages\/8\/revisions\/96"}],"wp:attachment":[{"href":"https:\/\/www.fondation-monin.be\/index.php?rest_route=%2Fwp%2Fv2%2Fmedia&parent=8"}],"curies":[{"name":"wp","href":"https:\/\/api.w.org\/{rel}","templated":true}]}}