{"id":7,"date":"2023-11-19T16:06:51","date_gmt":"2023-11-19T15:06:51","guid":{"rendered":"https:\/\/www.fondation-monin.be\/?page_id=7"},"modified":"2026-03-04T19:01:10","modified_gmt":"2026-03-04T18:01:10","slug":"a-propos-de","status":"publish","type":"page","link":"https:\/\/www.fondation-monin.be\/?page_id=7","title":{"rendered":"\u00c0 propos de la Fondation"},"content":{"rendered":"\n<p>La Fondation est \u00e9tablie par <a href=\"https:\/\/www.fondation-monin.be\/wp-content\/uploads\/2024\/02\/Testament-Monin-06-05-1968_OCR.pdf\" data-type=\"attachment\" data-id=\"54\">testatement<\/a> par Paul Monin en 1968.<br>Ce dernier, industriel \u00e0 succ\u00e8s, n&rsquo;a pas de descendance, et d\u00e9cide de \u00ab consacrer (sa) fortune \u00e0 une \u0153uvre scientifique et philantropique \u00bb s&rsquo;il venait \u00e0 mourir apr\u00e8s son \u00e9pouse, Madeleine Van Haverbeke.<\/p>\n\n\n\n<p>En 1973, suite au d\u00e9c\u00e8s de Paul Monin, la fondation voit effectivement le jour.<\/p>\n\n\n\n<p>Le but de la fondation est d\u00e9crit en ces termes \u00ab\u00a0cr\u00e9er, aider ou promouvoir une \u0153uvre sociale ou m\u00e9dicosociale\u00a0\u00bb, et le testament donne en exemple d&rsquo;action pouvant \u00eatre port\u00e9es par la Fondation l&rsquo;\u00e9tablissement de lits de maternit\u00e9 pour les m\u00e8res \u00ab peu favoris\u00e9es par la fortune\u00bb ou en la fourniture d&rsquo;\u00e9quipement moderne d\u2019une salle d\u2019accouchement.<\/p>\n\n\n\n<p>Depuis, la fondation a soutenu <a href=\"https:\/\/www.fondation-monin.be\/?page_id=24\" data-type=\"page\" data-id=\"24\">divers projets<\/a>.<\/p>\n\n\n\n<figure class=\"wp-block-gallery has-nested-images columns-default is-cropped wp-block-gallery-1 is-layout-flex wp-block-gallery-is-layout-flex\">\n<figure class=\"wp-block-image size-large\"><img loading=\"lazy\" decoding=\"async\" width=\"768\" height=\"1024\" data-id=\"58\" src=\"https:\/\/www.fondation-monin.be\/wp-content\/uploads\/2024\/02\/Photo-22-rue-Van-Malder-en-vente-2016-768x1024.jpg\" alt=\"\" class=\"wp-image-58\" srcset=\"https:\/\/www.fondation-monin.be\/wp-content\/uploads\/2024\/02\/Photo-22-rue-Van-Malder-en-vente-2016-768x1024.jpg 768w, https:\/\/www.fondation-monin.be\/wp-content\/uploads\/2024\/02\/Photo-22-rue-Van-Malder-en-vente-2016-225x300.jpg 225w, https:\/\/www.fondation-monin.be\/wp-content\/uploads\/2024\/02\/Photo-22-rue-Van-Malder-en-vente-2016-1152x1536.jpg 1152w, https:\/\/www.fondation-monin.be\/wp-content\/uploads\/2024\/02\/Photo-22-rue-Van-Malder-en-vente-2016.jpg 1536w\" sizes=\"auto, (max-width: 768px) 100vw, 768px\" \/><\/figure>\n\n\n\n<figure class=\"wp-block-image alignfull size-large\"><img loading=\"lazy\" decoding=\"async\" width=\"1024\" height=\"768\" data-id=\"56\" src=\"https:\/\/www.fondation-monin.be\/wp-content\/uploads\/2024\/02\/Velo-cargo-Ilot-Sponsor-Monin-2020-1024x768.jpg\" alt=\"\" class=\"wp-image-56\" srcset=\"https:\/\/www.fondation-monin.be\/wp-content\/uploads\/2024\/02\/Velo-cargo-Ilot-Sponsor-Monin-2020-1024x768.jpg 1024w, https:\/\/www.fondation-monin.be\/wp-content\/uploads\/2024\/02\/Velo-cargo-Ilot-Sponsor-Monin-2020-300x225.jpg 300w, https:\/\/www.fondation-monin.be\/wp-content\/uploads\/2024\/02\/Velo-cargo-Ilot-Sponsor-Monin-2020-768x576.jpg 768w, https:\/\/www.fondation-monin.be\/wp-content\/uploads\/2024\/02\/Velo-cargo-Ilot-Sponsor-Monin-2020-1536x1152.jpg 1536w, https:\/\/www.fondation-monin.be\/wp-content\/uploads\/2024\/02\/Velo-cargo-Ilot-Sponsor-Monin-2020-1568x1176.jpg 1568w, https:\/\/www.fondation-monin.be\/wp-content\/uploads\/2024\/02\/Velo-cargo-Ilot-Sponsor-Monin-2020.jpg 1919w\" sizes=\"auto, (max-width: 1024px) 100vw, 1024px\" \/><\/figure>\n<\/figure>\n\n\n\n<p><\/p>\n","protected":false},"excerpt":{"rendered":"<p>La Fondation est \u00e9tablie par testatement par Paul Monin en 1968.Ce dernier, industriel \u00e0 succ\u00e8s, n&rsquo;a pas de descendance, et d\u00e9cide de \u00ab consacrer (sa) fortune \u00e0 une \u0153uvre scientifique et philantropique \u00bb s&rsquo;il venait \u00e0 mourir apr\u00e8s son \u00e9pouse, Madeleine Van Haverbeke. En 1973, suite au d\u00e9c\u00e8s de Paul Monin, la fondation voit effectivement [&hellip;]<\/p>\n","protected":false},"author":1,"featured_media":0,"parent":0,"menu_order":0,"comment_status":"closed","ping_status":"closed","template":"","meta":{"footnotes":""},"class_list":["post-7","page","type-page","status-publish","hentry"],"_links":{"self":[{"href":"https:\/\/www.fondation-monin.be\/index.php?rest_route=\/wp\/v2\/pages\/7","targetHints":{"allow":["GET"]}}],"collection":[{"href":"https:\/\/www.fondation-monin.be\/index.php?rest_route=\/wp\/v2\/pages"}],"about":[{"href":"https:\/\/www.fondation-monin.be\/index.php?rest_route=\/wp\/v2\/types\/page"}],"author":[{"embeddable":true,"href":"https:\/\/www.fondation-monin.be\/index.php?rest_route=\/wp\/v2\/users\/1"}],"replies":[{"embeddable":true,"href":"https:\/\/www.fondation-monin.be\/index.php?rest_route=%2Fwp%2Fv2%2Fcomments&post=7"}],"version-history":[{"count":8,"href":"https:\/\/www.fondation-monin.be\/index.php?rest_route=\/wp\/v2\/pages\/7\/revisions"}],"predecessor-version":[{"id":127,"href":"https:\/\/www.fondation-monin.be\/index.php?rest_route=\/wp\/v2\/pages\/7\/revisions\/127"}],"wp:attachment":[{"href":"https:\/\/www.fondation-monin.be\/index.php?rest_route=%2Fwp%2Fv2%2Fmedia&parent=7"}],"curies":[{"name":"wp","href":"https:\/\/api.w.org\/{rel}","templated":true}]}}