{"id":6,"date":"2023-11-19T16:06:51","date_gmt":"2023-11-19T15:06:51","guid":{"rendered":"https:\/\/www.fondation-monin.be\/?page_id=6"},"modified":"2026-03-04T19:48:55","modified_gmt":"2026-03-04T18:48:55","slug":"creez-votre-site-avec-des-blocs","status":"publish","type":"page","link":"https:\/\/www.fondation-monin.be\/","title":{"rendered":"Fondation Paul Monin-Madeleine Van Haverbeke"},"content":{"rendered":"\n<div class=\"wp-block-columns alignwide are-vertically-aligned-center is-style-twentytwentyone-columns-overlap is-layout-flex wp-container-core-columns-is-layout-9d6595d7 wp-block-columns-is-layout-flex\">\n<div class=\"wp-block-column is-layout-flow wp-block-column-is-layout-flow\">\n<p>Bienvenue sur le site de la Fondation Paul Monin-Madeleine Van Haverbeke (dite plus couramment \u00ab\u00a0Fondation Monin\u00a0\u00bb).<\/p>\n\n\n\n<p>Fond\u00e9e en 1973, elle a pour but de soutenir des \u0153uvres sociales ou m\u00e9dico-sociales. <\/p>\n\n\n\n<p>Elle accueille les dossiers de demande d&rsquo;intervention par e-mail \u00e0 l&rsquo;adresse <a href=\"mailto:oa@fondation-monin.be\">oa@fondation-monin.be<\/a> <\/p>\n\n\n\n<p>Ses interventions financi\u00e8res ont pour philosophie de ne pas \u00eatre une source structurante de financement pour l&rsquo;institution aid\u00e9e ni de financer directement des salaires de travailleurs.<\/p>\n<\/div>\n<\/div>\n\n\n\n<div style=\"height:50px\" aria-hidden=\"true\" class=\"wp-block-spacer\"><\/div>\n\n\n\n<div class=\"wp-block-columns alignwide are-vertically-aligned-top is-layout-flex wp-container-core-columns-is-layout-9d6595d7 wp-block-columns-is-layout-flex\">\n<div class=\"wp-block-column is-vertically-aligned-top is-layout-flow wp-block-column-is-layout-flow\">\n<h3 class=\"wp-block-heading\">Qui sommes-nous?<\/h3>\n\n\n\n<p>Cr\u00e9\u00e9e en 1973 par voie de testatement authentique au d\u00e9c\u00e8s de M. Paul Monin, la Fondation Paul Monin-Madeleine Van Haverbeke a pour vocation de soutenir des \u0153uvres sociales ou m\u00e9dico-sociales.<br>Vous trouverez plus d&rsquo;information sur son histoire sur la page <\/p>\n<\/div>\n\n\n\n<div class=\"wp-block-column is-vertically-aligned-top is-layout-flow wp-block-column-is-layout-flow\">\n<h3 class=\"wp-block-heading\">Les projets pouvant pr\u00e9tendre au soutien de la fondation<\/h3>\n\n\n\n<p>L&rsquo;Organe d&rsquo;Administration de la Fondation se r\u00e9unit <em>a minima<\/em> deux fois par an pour examiner les demandes de soutien qui lui sont pr\u00e9sent\u00e9es.<br>Celles-ci peuvent provenir de tout type d&rsquo;organisation, pour autant que ses activit\u00e9s visent \u00e0 am\u00e9liorer la sant\u00e9 et le bien-\u00eatre des personnes hospitalis\u00e9es.<br><\/p>\n<\/div>\n\n\n\n<div class=\"wp-block-column is-vertically-aligned-top is-layout-flow wp-block-column-is-layout-flow\">\n<h3 class=\"wp-block-heading\">Les projets soutenus dans le pass\u00e9<\/h3>\n\n\n\n<p>Vous trouverez plus d&rsquo;information sur les projets soutenus par la fondation dans le pass\u00e9 sur <a href=\"https:\/\/www.fondation-monin.be\/?page_id=24\" data-type=\"page\" data-id=\"24\">la page d\u00e9di\u00e9e \u00e0 ceux-ci<\/a>.<\/p>\n<\/div>\n<\/div>\n","protected":false},"excerpt":{"rendered":"<p>Bienvenue sur le site de la Fondation Paul Monin-Madeleine Van Haverbeke (dite plus couramment \u00ab\u00a0Fondation Monin\u00a0\u00bb). Fond\u00e9e en 1973, elle a pour but de soutenir des \u0153uvres sociales ou m\u00e9dico-sociales. Elle accueille les dossiers de demande d&rsquo;intervention par e-mail \u00e0 l&rsquo;adresse oa@fondation-monin.be Ses interventions financi\u00e8res ont pour philosophie de ne pas \u00eatre une source structurante [&hellip;]<\/p>\n","protected":false},"author":1,"featured_media":0,"parent":0,"menu_order":0,"comment_status":"closed","ping_status":"closed","template":"","meta":{"footnotes":""},"class_list":["post-6","page","type-page","status-publish","hentry"],"_links":{"self":[{"href":"https:\/\/www.fondation-monin.be\/index.php?rest_route=\/wp\/v2\/pages\/6","targetHints":{"allow":["GET"]}}],"collection":[{"href":"https:\/\/www.fondation-monin.be\/index.php?rest_route=\/wp\/v2\/pages"}],"about":[{"href":"https:\/\/www.fondation-monin.be\/index.php?rest_route=\/wp\/v2\/types\/page"}],"author":[{"embeddable":true,"href":"https:\/\/www.fondation-monin.be\/index.php?rest_route=\/wp\/v2\/users\/1"}],"replies":[{"embeddable":true,"href":"https:\/\/www.fondation-monin.be\/index.php?rest_route=%2Fwp%2Fv2%2Fcomments&post=6"}],"version-history":[{"count":9,"href":"https:\/\/www.fondation-monin.be\/index.php?rest_route=\/wp\/v2\/pages\/6\/revisions"}],"predecessor-version":[{"id":142,"href":"https:\/\/www.fondation-monin.be\/index.php?rest_route=\/wp\/v2\/pages\/6\/revisions\/142"}],"wp:attachment":[{"href":"https:\/\/www.fondation-monin.be\/index.php?rest_route=%2Fwp%2Fv2%2Fmedia&parent=6"}],"curies":[{"name":"wp","href":"https:\/\/api.w.org\/{rel}","templated":true}]}}