{"id":30,"date":"2023-11-19T16:14:50","date_gmt":"2023-11-19T15:14:50","guid":{"rendered":"https:\/\/www.fondation-monin.be\/?page_id=30"},"modified":"2024-10-21T23:51:51","modified_gmt":"2024-10-21T21:51:51","slug":"nos-status","status":"publish","type":"page","link":"https:\/\/www.fondation-monin.be\/?page_id=30","title":{"rendered":"Nos statuts"},"content":{"rendered":"\n<p>Vous retrouverez ci-dessous les statuts de la Fondation coordonn\u00e9es, tels qu&rsquo;ils ont \u00e9t\u00e9 d\u00e9pos\u00e9s pour publication au Moniteur Belge (<a href=\"https:\/\/www.ejustice.just.fgov.be\/tsv_pdf\/2006\/03\/24\/06055266.pdf\">https:\/\/www.ejustice.just.fgov.be\/tsv_pdf\/2006\/03\/24\/06055266.pdf<\/a>, modifi\u00e9 par <a href=\"https:\/\/www.ejustice.just.fgov.be\/tsv_pdf\/2015\/11\/09\/15156547.pdf\">https:\/\/www.ejustice.just.fgov.be\/tsv_pdf\/2015\/11\/09\/15156547.pdf<\/a>).<\/p>\n\n\n\n<div data-wp-interactive=\"core\/file\" class=\"wp-block-file\"><object data-wp-bind--hidden=\"!state.hasPdfPreview\" hidden class=\"wp-block-file__embed\" data=\"https:\/\/www.fondation-monin.be\/wp-content\/uploads\/2024\/10\/Statuts-complets-oct-2015-Fondation-Paul-Monin-Madeleine-Van-Haverbeke.pdf\" type=\"application\/pdf\" style=\"width:100%;height:600px\" aria-label=\"Contenu embarqu\u00e9 Statuts complets oct 2015 - Fondation Paul Monin - Madeleine Van Haverbeke.\"><\/object><a id=\"wp-block-file--media-aad55cbd-0931-4967-9468-5481a614cfb8\" href=\"https:\/\/www.fondation-monin.be\/wp-content\/uploads\/2024\/10\/Statuts-complets-oct-2015-Fondation-Paul-Monin-Madeleine-Van-Haverbeke.pdf\">Statuts complets oct 2015 &#8211; Fondation Paul Monin &#8211; Madeleine Van Haverbeke<\/a><a href=\"https:\/\/www.fondation-monin.be\/wp-content\/uploads\/2024\/10\/Statuts-complets-oct-2015-Fondation-Paul-Monin-Madeleine-Van-Haverbeke.pdf\" class=\"wp-block-file__button wp-element-button\" download aria-describedby=\"wp-block-file--media-aad55cbd-0931-4967-9468-5481a614cfb8\">T\u00e9l\u00e9charger<\/a><\/div>\n","protected":false},"excerpt":{"rendered":"<p>Vous retrouverez ci-dessous les statuts de la Fondation coordonn\u00e9es, tels qu&rsquo;ils ont \u00e9t\u00e9 d\u00e9pos\u00e9s pour publication au Moniteur Belge (https:\/\/www.ejustice.just.fgov.be\/tsv_pdf\/2006\/03\/24\/06055266.pdf, modifi\u00e9 par https:\/\/www.ejustice.just.fgov.be\/tsv_pdf\/2015\/11\/09\/15156547.pdf).<\/p>\n","protected":false},"author":1,"featured_media":0,"parent":0,"menu_order":0,"comment_status":"closed","ping_status":"closed","template":"","meta":{"footnotes":""},"class_list":["post-30","page","type-page","status-publish","hentry"],"_links":{"self":[{"href":"https:\/\/www.fondation-monin.be\/index.php?rest_route=\/wp\/v2\/pages\/30","targetHints":{"allow":["GET"]}}],"collection":[{"href":"https:\/\/www.fondation-monin.be\/index.php?rest_route=\/wp\/v2\/pages"}],"about":[{"href":"https:\/\/www.fondation-monin.be\/index.php?rest_route=\/wp\/v2\/types\/page"}],"author":[{"embeddable":true,"href":"https:\/\/www.fondation-monin.be\/index.php?rest_route=\/wp\/v2\/users\/1"}],"replies":[{"embeddable":true,"href":"https:\/\/www.fondation-monin.be\/index.php?rest_route=%2Fwp%2Fv2%2Fcomments&post=30"}],"version-history":[{"count":8,"href":"https:\/\/www.fondation-monin.be\/index.php?rest_route=\/wp\/v2\/pages\/30\/revisions"}],"predecessor-version":[{"id":102,"href":"https:\/\/www.fondation-monin.be\/index.php?rest_route=\/wp\/v2\/pages\/30\/revisions\/102"}],"wp:attachment":[{"href":"https:\/\/www.fondation-monin.be\/index.php?rest_route=%2Fwp%2Fv2%2Fmedia&parent=30"}],"curies":[{"name":"wp","href":"https:\/\/api.w.org\/{rel}","templated":true}]}}